{"id":247,"date":"2020-08-20T16:00:00","date_gmt":"2020-08-20T16:00:00","guid":{"rendered":"http:\/\/ditges.legal\/?page_id=247"},"modified":"2021-02-12T07:17:23","modified_gmt":"2021-02-12T07:17:23","slug":"impressum","status":"publish","type":"page","link":"https:\/\/www.ditges.de\/en\/impressum\/","title":{"rendered":"Imprint"},"content":{"rendered":"<div data-elementor-type=\"wp-page\" data-elementor-id=\"247\" class=\"elementor elementor-247\" data-elementor-post-type=\"page\">\n\t\t\t\t\t\t\t\t\t<section class=\"elementor-section elementor-top-section elementor-element elementor-element-7235af6 elementor-section-full_width elementor-section-height-default elementor-section-height-default elementor-invisible\" data-id=\"7235af6\" data-element_type=\"section\" data-settings=\"{&quot;animation&quot;:&quot;fadeIn&quot;}\">\n\t\t\t\t\t\t<div class=\"elementor-container elementor-column-gap-no\">\n\t\t\t\t\t<div class=\"elementor-column elementor-col-50 elementor-top-column elementor-element elementor-element-a3bcdbe\" data-id=\"a3bcdbe\" data-element_type=\"column\">\n\t\t\t<div class=\"elementor-widget-wrap\">\n\t\t\t\t\t\t\t\t\t<\/div>\n\t\t<\/div>\n\t\t\t\t<div class=\"elementor-column elementor-col-50 elementor-top-column elementor-element elementor-element-c53c442\" data-id=\"c53c442\" data-element_type=\"column\">\n\t\t\t<div class=\"elementor-widget-wrap elementor-element-populated\">\n\t\t\t\t\t\t\t\t<div class=\"elementor-element elementor-element-1ab736f elementor-widget elementor-widget-text-editor\" data-id=\"1ab736f\" data-element_type=\"widget\" data-widget_type=\"text-editor.default\">\n\t\t\t\t<div class=\"elementor-widget-container\">\n\t\t\t\t\t\t\t<p><a href=\"http:\/\/ditges.legal\/\">Home<\/a> \/<span style=\"text-decoration: underline;\"> Imprint<\/span><\/p>\t\t\t\t\t\t<\/div>\n\t\t\t\t<\/div>\n\t\t\t\t<div class=\"elementor-element elementor-element-7b01fd4 elementor-widget elementor-widget-spacer\" data-id=\"7b01fd4\" data-element_type=\"widget\" data-widget_type=\"spacer.default\">\n\t\t\t\t<div class=\"elementor-widget-container\">\n\t\t\t\t\t<div class=\"elementor-spacer\">\n\t\t\t<div class=\"elementor-spacer-inner\"><\/div>\n\t\t<\/div>\n\t\t\t\t<\/div>\n\t\t\t\t<\/div>\n\t\t\t\t\t<\/div>\n\t\t<\/div>\n\t\t\t\t\t\t\t<\/div>\n\t\t<\/section>\n\t\t\t\t<section class=\"elementor-section elementor-top-section elementor-element elementor-element-0164887 elementor-section-full_width elementor-section-content-middle elementor-section-height-default elementor-section-height-default elementor-invisible\" data-id=\"0164887\" data-element_type=\"section\" data-settings=\"{&quot;background_background&quot;:&quot;classic&quot;,&quot;animation&quot;:&quot;fadeIn&quot;}\">\n\t\t\t\t\t\t<div class=\"elementor-container elementor-column-gap-no\">\n\t\t\t\t\t<div class=\"elementor-column elementor-col-33 elementor-top-column elementor-element elementor-element-81929ee\" data-id=\"81929ee\" data-element_type=\"column\">\n\t\t\t<div class=\"elementor-widget-wrap\">\n\t\t\t\t\t\t\t\t\t<\/div>\n\t\t<\/div>\n\t\t\t\t<div class=\"elementor-column elementor-col-33 elementor-top-column elementor-element elementor-element-1d10d13\" data-id=\"1d10d13\" data-element_type=\"column\" data-settings=\"{&quot;background_background&quot;:&quot;classic&quot;}\">\n\t\t\t<div class=\"elementor-widget-wrap elementor-element-populated\">\n\t\t\t\t\t\t\t\t<div class=\"elementor-element elementor-element-13a28f1 elementor-widget elementor-widget-heading\" data-id=\"13a28f1\" data-element_type=\"widget\" data-widget_type=\"heading.default\">\n\t\t\t\t<div class=\"elementor-widget-container\">\n\t\t\t<h3 class=\"elementor-heading-title elementor-size-large\">Imprint<\/h3>\t\t<\/div>\n\t\t\t\t<\/div>\n\t\t\t\t<div class=\"elementor-element elementor-element-e2eb58f elementor-widget-divider--view-line elementor-widget elementor-widget-divider\" data-id=\"e2eb58f\" data-element_type=\"widget\" data-widget_type=\"divider.default\">\n\t\t\t\t<div class=\"elementor-widget-container\">\n\t\t\t\t\t<div class=\"elementor-divider\">\n\t\t\t<span class=\"elementor-divider-separator\">\n\t\t\t\t\t\t<\/span>\n\t\t<\/div>\n\t\t\t\t<\/div>\n\t\t\t\t<\/div>\n\t\t\t\t<div class=\"elementor-element elementor-element-7e66a1a2 elementor-widget elementor-widget-text-editor\" data-id=\"7e66a1a2\" data-element_type=\"widget\" data-widget_type=\"text-editor.default\">\n\t\t\t\t<div class=\"elementor-widget-container\">\n\t\t\t\t\t\t\t<div id=\"wrapper\" class=\"size-wrap\"><div id=\"container_bg\"><div id=\"content_full\"><div id=\"post-34\" class=\"post-34 page type-page status-publish hentry\"><div class=\"entry-content\"><h1><span style=\"color: inherit; font-family: inherit; font-size: 1.75rem; font-weight: 500;\">Dienstanbieter nach \u00a7 5 Teledienstegesetz (TDG):<\/span><\/h1><p>DITGES Partnerschaft mbB<br \/>Rechtsanw\u00e4lte Wirtschaftspr\u00fcfer Steuerberater<br \/>Kaiserplatz 7 \u2013 9<br \/>53113 Bonn<\/p><h3>Fon, Fax &amp; E-Mail<\/h3><p>Phone: +49 228 60460-0<br \/>Facsimile: +49 228 6046040<br \/><a href=\"mailto:kanzlei@ditges.de\">kanzlei@ditges.de<\/a><\/p><h3>Staat der Zulassung<\/h3><p>Deutschland<\/p><h3>Aufsichtsbeh\u00f6rden<\/h3><p>Wirtschaftspr\u00fcferkammer<br \/>Rechtsanwaltskammer K\u00f6ln<br \/>Rechtsanwaltskammer M\u00fcnchen<br \/>Steuerberaterkammer K\u00f6ln<\/p><p>Die Wirtschaftspr\u00fcfer, Steuerberater und Rechtsanw\u00e4lte (in Deutschland verliehene Berufsbezeichnungen) unterliegen den jeweiligen berufsrechtlichen Regeln. Die entsprechenden standesrechtlichen Bestimmungen f\u00fcr die in Deutschland zugelassenen Berufstr\u00e4ger finden Sie auf den Internet-Seiten der jeweiligen Kammern:<\/p><ul><li><a class=\"external\" href=\"http:\/\/www.wpk.de\/\" target=\"_blank\" rel=\"noopener noreferrer\">Wirtschaftspr\u00fcferkammer<\/a><\/li><li><a class=\"external\" href=\"http:\/\/www.bstbk.de\/\" target=\"_blank\" rel=\"noopener noreferrer\">Bundessteuerberaterkammer<\/a><\/li><li><a class=\"external\" href=\"http:\/\/www.brak.de\/\" target=\"_blank\" rel=\"noopener noreferrer\">Bundesrechtsanwaltkammer<\/a><\/li><\/ul><h3>Hinweise zur alternativen Streitbeilegung<\/h3><p>Die Plattform der EU zur au\u00dfergerichtlichen Online-Streitbeilegung (ODR-Verordnung) findet sich unter folgendem Link:\u00a0<a class=\"external\" href=\"http:\/\/ec.europa.eu\/consumers\/odr\/\" target=\"_blank\" rel=\"noopener\">http:\/\/ec.europa.eu\/consumers\/odr\/<\/a><\/p><p>Die Kanzlei DITGES Partnerschaft mbB ist bereit, an Schlichtungsverfahren nach dem Verbraucherstreitbeilegungsgesetz (VSBG) teilzunehmen. Zust\u00e4ndige Verbraucherschlichtungsstelle ist f\u00fcr verm\u00f6gensrechtliche Streitigkeiten aus dem Mandatsverh\u00e4ltnis bis zu einem Wert von 50.000 Euro die Schlichtungsstelle der Rechtsanwaltschaft, Neue Gr\u00fcnstr. 17, 10179 Berlin,\u00a0<a class=\"external\" href=\"http:\/\/www.s-d-r.org\/\" target=\"_blank\" rel=\"noopener\">www.s-d-r.org<\/a>.<\/p><div class=\"clear\">\u00a0<\/div><\/div><\/div><\/div><\/div><\/div>\t\t\t\t\t\t<\/div>\n\t\t\t\t<\/div>\n\t\t\t\t<div class=\"elementor-element elementor-element-e4989f5 elementor-widget elementor-widget-spacer\" data-id=\"e4989f5\" data-element_type=\"widget\" data-widget_type=\"spacer.default\">\n\t\t\t\t<div class=\"elementor-widget-container\">\n\t\t\t\t\t<div class=\"elementor-spacer\">\n\t\t\t<div class=\"elementor-spacer-inner\"><\/div>\n\t\t<\/div>\n\t\t\t\t<\/div>\n\t\t\t\t<\/div>\n\t\t\t\t\t<\/div>\n\t\t<\/div>\n\t\t\t\t<div class=\"elementor-column elementor-col-33 elementor-top-column elementor-element elementor-element-a5847ad\" data-id=\"a5847ad\" data-element_type=\"column\">\n\t\t\t<div class=\"elementor-widget-wrap\">\n\t\t\t\t\t\t\t\t\t<\/div>\n\t\t<\/div>\n\t\t\t\t\t\t\t<\/div>\n\t\t<\/section>\n\t\t\t\t\t\t\t<\/div>","protected":false},"excerpt":{"rendered":"<p>Startseite \/ Impressum Impressum Dienstanbieter nach \u00a7 5 Teledienstegesetz (TDG): DITGES Partnerschaft mbBRechtsanw\u00e4lte Wirtschaftspr\u00fcfer SteuerberaterKaiserplatz 7 \u2013 953113 Bonn Fon, Fax &amp; E-Mail T 0228 60460-0F 0228 6046040kanzlei@ditges.de Staat der Zulassung Deutschland Aufsichtsbeh\u00f6rden Wirtschaftspr\u00fcferkammerRechtsanwaltskammer K\u00f6lnRechtsanwaltskammer M\u00fcnchenSteuerberaterkammer K\u00f6ln Die Wirtschaftspr\u00fcfer, Steuerberater und Rechtsanw\u00e4lte (in Deutschland verliehene Berufsbezeichnungen) unterliegen den jeweiligen berufsrechtlichen Regeln. Die entsprechenden standesrechtlichen Bestimmungen [&hellip;]<\/p>","protected":false},"author":1,"featured_media":0,"parent":0,"menu_order":0,"comment_status":"closed","ping_status":"closed","template":"","meta":{"_mi_skip_tracking":false,"_monsterinsights_sitenote_active":false,"_monsterinsights_sitenote_note":"","_monsterinsights_sitenote_category":0,"footnotes":""},"acf":[],"aioseo_notices":[],"_links":{"self":[{"href":"https:\/\/www.ditges.de\/en\/wp-json\/wp\/v2\/pages\/247"}],"collection":[{"href":"https:\/\/www.ditges.de\/en\/wp-json\/wp\/v2\/pages"}],"about":[{"href":"https:\/\/www.ditges.de\/en\/wp-json\/wp\/v2\/types\/page"}],"author":[{"embeddable":true,"href":"https:\/\/www.ditges.de\/en\/wp-json\/wp\/v2\/users\/1"}],"replies":[{"embeddable":true,"href":"https:\/\/www.ditges.de\/en\/wp-json\/wp\/v2\/comments?post=247"}],"version-history":[{"count":5,"href":"https:\/\/www.ditges.de\/en\/wp-json\/wp\/v2\/pages\/247\/revisions"}],"predecessor-version":[{"id":2837,"href":"https:\/\/www.ditges.de\/en\/wp-json\/wp\/v2\/pages\/247\/revisions\/2837"}],"wp:attachment":[{"href":"https:\/\/www.ditges.de\/en\/wp-json\/wp\/v2\/media?parent=247"}],"curies":[{"name":"wp","href":"https:\/\/api.w.org\/{rel}","templated":true}]}}